{"id":2,"date":"2025-11-16T09:09:34","date_gmt":"2025-11-16T09:09:34","guid":{"rendered":"http:\/\/mmschmidt.pl\/?page_id=2"},"modified":"2025-11-16T15:29:33","modified_gmt":"2025-11-16T14:29:33","slug":"home","status":"publish","type":"page","link":"https:\/\/mmschmidt.pl\/","title":{"rendered":"Strona g\u0142\u00f3wna"},"content":{"rendered":"\t\t<div data-elementor-type=\"wp-page\" data-elementor-id=\"2\" class=\"elementor elementor-2\">\n\t\t\t\t<div class=\"elementor-element elementor-element-8699c67 e-flex e-con-boxed e-con e-parent\" data-id=\"8699c67\" data-element_type=\"container\">\n\t\t\t\t\t<div class=\"e-con-inner\">\n\t\t\t\t<div class=\"elementor-element elementor-element-dbb0236 elementor-widget elementor-widget-html\" data-id=\"dbb0236\" data-element_type=\"widget\" data-widget_type=\"html.default\">\n\t\t\t\t\t<section class=\"ms-divider\">\n  <style>\n    .ms-divider {\n      padding: 40px 0;\n    }\n\n    .ms-divider__inner {\n      max-width: 900px;\n      margin: 0 auto;\n      display: flex;\n      align-items: center;\n      justify-content: center;\n      gap: 12px;\n    }\n\n    .ms-divider__line {\n      flex: 1;\n      height: 1px;\n      background: linear-gradient(\n        to right,\n        transparent,\n        #0D4650,\n        transparent\n      );\n      opacity: 0.5;\n    }\n\n    .ms-divider__dot {\n      width: 10px;\n      height: 10px;\n      border-radius: 999px;\n      background: #0D4650;\n      box-shadow: 0 0 0 4px rgba(13, 70, 80, 0.12);\n    }\n  <\/style>\n\n  <div class=\"ms-divider__inner\">\n    <div class=\"ms-divider__line\"><\/div>\n    <div class=\"ms-divider__dot\"><\/div>\n    <div class=\"ms-divider__line\"><\/div>\n  <\/div>\n<\/section>\n\t\t\t\t<\/div>\n\t\t\t\t<div class=\"elementor-element elementor-element-56d236b elementor-widget elementor-widget-html\" data-id=\"56d236b\" data-element_type=\"widget\" data-widget_type=\"html.default\">\n\t\t\t\t\t<section id=\"home\" style=\"\r\n    padding: 140px 20px;\r\n    text-align: center;\r\n    max-width: 900px;\r\n    margin: 0 auto;\r\n    background-color: #ffffff;\r\n\">\r\n    <h1 style=\"\r\n        font-family: 'Montserrat', sans-serif;\r\n        font-size: 56px;\r\n        font-weight: 600;\r\n        color: #111111; \/* kolor zbli\u017cony do napisu w logo *\/\r\n        margin-bottom: 16px;\r\n    \">\r\n        Maciej Schmidt\r\n    <\/h1>\r\n\r\n    <p style=\"\r\n        font-family: 'Montserrat', sans-serif;\r\n        font-size: 20px;\r\n        font-weight: 400;\r\n        color: #0D4650; \/* turkus z logo *\/\r\n        margin-bottom: 32px;\r\n    \">\r\n        psycholog \u00b7 seksuolog\r\n    <\/p>\r\n\r\n    <a href=\"#kontakt\" style=\"\r\n        display: inline-block;\r\n        background-color: #0D4650;\r\n        color: #ffffff;\r\n        padding: 14px 28px;\r\n        font-family: 'Montserrat', sans-serif;\r\n        font-size: 16px;\r\n        font-weight: 500;\r\n        text-decoration: none;\r\n        border-radius: 6px;\r\n    \">\r\n        Skontaktuj si\u0119\r\n    <\/a>\r\n<\/section>\r\n\t\t\t\t<\/div>\n\t\t\t\t\t<\/div>\n\t\t\t\t<\/div>\n\t\t<div class=\"elementor-element elementor-element-0cc4f80 e-flex e-con-boxed e-con e-parent\" data-id=\"0cc4f80\" data-element_type=\"container\">\n\t\t\t\t\t<div class=\"e-con-inner\">\n\t\t\t\t<div class=\"elementor-element elementor-element-41e00cd elementor-widget elementor-widget-html\" data-id=\"41e00cd\" data-element_type=\"widget\" data-widget_type=\"html.default\">\n\t\t\t\t\t<section class=\"ms-divider\">\n  <style>\n    .ms-divider {\n      padding: 40px 0;\n    }\n\n    .ms-divider__inner {\n      max-width: 900px;\n      margin: 0 auto;\n      display: flex;\n      align-items: center;\n      justify-content: center;\n      gap: 12px;\n    }\n\n    .ms-divider__line {\n      flex: 1;\n      height: 1px;\n      background: linear-gradient(\n        to right,\n        transparent,\n        #0D4650,\n        transparent\n      );\n      opacity: 0.5;\n    }\n\n    .ms-divider__dot {\n      width: 10px;\n      height: 10px;\n      border-radius: 999px;\n      background: #0D4650;\n      box-shadow: 0 0 0 4px rgba(13, 70, 80, 0.12);\n    }\n  <\/style>\n\n  <div class=\"ms-divider__inner\">\n    <div class=\"ms-divider__line\"><\/div>\n    <div class=\"ms-divider__dot\"><\/div>\n    <div class=\"ms-divider__line\"><\/div>\n  <\/div>\n<\/section>\n\t\t\t\t<\/div>\n\t\t\t\t<div class=\"elementor-element elementor-element-5970f18 elementor-widget elementor-widget-html\" data-id=\"5970f18\" data-element_type=\"widget\" data-widget_type=\"html.default\">\n\t\t\t\t\t<section id=\"kim-jestem\" style=\"\r\n    padding: 80px 20px;\r\n    background-color: #FFFFFF; \/* czyste t\u0142o, jak ustalali\u015bmy *\/\r\n\">\r\n  <div style=\"\r\n      max-width: 1100px;\r\n      margin: 0 auto;\r\n      display: flex;\r\n      flex-wrap: wrap;\r\n      gap: 40px;\r\n      align-items: flex-start;\r\n  \">\r\n    <!-- LEWA KOLUMNA: zdj\u0119cie + przycisk -->\r\n    <div style=\"\r\n        flex: 0 0 260px;\r\n        text-align: center;\r\n    \">\r\n      <div style=\"\r\n          width: 220px;\r\n          height: 220px;\r\n          margin: 0 auto 24px;\r\n          border-radius: 50%;\r\n          overflow: hidden;\r\n          background-color: #DCEFF4;\r\n      \">\r\n        <img decoding=\"async\" src=\"https:\/\/mmschmidt.pl\/wp-content\/uploads\/2025\/11\/IMG_3238-2-scaled.jpeg\" alt=\"Maciej Schmidt\"\r\n             style=\"width:100%; height:100%; object-fit:cover;\">\r\n      <\/div>\r\n\r\n      <a href=\"#kontakt\" style=\"\r\n          display: inline-block;\r\n          padding: 14px 32px;\r\n          border-radius: 999px;\r\n          background-color: #0D4650;      \/* primary *\/\r\n          color: #FFFFFF;\r\n          font-family: 'Montserrat', sans-serif;\r\n          font-size: 16px;\r\n          font-weight: 600;\r\n          text-decoration: none;\r\n          box-shadow: 0 8px 18px rgba(0,0,0,0.15);\r\n      \">\r\n        Um\u00f3w wizyt\u0119\r\n      <\/a>\r\n    <\/div>\r\n\r\n    <!-- PRAWA KOLUMNA: tekst -->\r\n    <div style=\"\r\n        flex: 1 1 0;\r\n        min-width: 280px;\r\n        font-family: 'Montserrat', sans-serif;\r\n        color: #111111;\r\n        line-height: 1.7;\r\n        font-size: 16px;\r\n    \">\r\n      <h2 style=\"\r\n          font-size: 30px;\r\n          font-weight: 600;\r\n          margin: 0 0 8px;\r\n          color: #0D4650;\r\n      \">\r\n        Kim jestem\r\n      <\/h2>\r\n\r\n      <p>\r\n        Jestem psychologiem i seksuologiem, wyk\u0142adowc\u0105 akademickim oraz\r\n        za\u0142o\u017cycielem Centrum Terapii i Seksuologii \u201eLibere \u2013 W Kierunku Wi\u0119zi\u201d.\r\n        Uko\u0144czy\u0142em studia psychologiczne oraz psychoseksuologiczne na\r\n        Uniwersytecie SWPS w Sopocie.\r\n      <\/p>\r\n\r\n      <p>\r\n        Jestem cz\u0142onkiem International Society of Schema Therapy (ISST,\r\n        nr 87107826). Pracuj\u0119 zgodnie z zasadami Kodeksu Etycznego ISST,\r\n        opieraj\u0105c swoj\u0105 praktyk\u0119 na szacunku, kompetencji, integralno\u015bci\r\n        i odpowiedzialno\u015bci wobec pacjent\u00f3w oraz wsp\u00f3\u0142pracownik\u00f3w.\r\n      <\/p>\r\n      <p>\r\n       W pracy terapeutycznej integruj\u0119 podej\u015bcia z r\u00f3\u017cnych nurt\u00f3w, dobieraj\u0105c\r\n        je do indywidualnych potrzeb moich pacjent\u00f3w. Najbli\u017csza jest mi zdecydowanie Terapia\r\n        Schemat\u00f3w (ST), z kt\u00f3rej uko\u0144czy\u0142em wiele szkole\u0144 i kurs\u00f3w. Korzystam tak\u017ce z element\u00f3w Terapii Skoncentrowanej na Wsp\u00f3\u0142czuciu (CFT) oraz Terapii\r\n        Akceptacji i Zaanga\u017cowania (ACT). Zajmuj\u0119 si\u0119 r\u00f3wnie\u017c seksuologi\u0105\r\n        kliniczn\u0105 i s\u0105dow\u0105.\r\n      <\/p>\r\n\r\n      <p>\r\n        Wa\u017cna jest dla mnie autentyczna relacja z pacjentem oraz budowanie\r\n        poczucia bezpiecze\u0144stwa. Wierz\u0119, \u017ce zdrowa i wspieraj\u0105ca wi\u0119\u017a\r\n        terapeutyczna - to obok warsztatu terapeutycznego - podstawa skutecznej terapii. Nieustannie poszerzam\r\n        swoj\u0105 wiedz\u0119, uczestnicz\u0105c w kursach i konferencjach dotycz\u0105cych Terapii\r\n        Poznawczo-Behawioralnej, terapii trzeciej fali ze szczeg\u00f3lnym uwzgl\u0119dnieniem Terapii Schemat\u00f3w (TS) oraz seksuologii.\r\n      <\/p>\r\n\r\n      <p>\r\n        Do\u015bwiadczenie zawodowe zdobywa\u0142em m.in. w Poradni Seksuologicznej\r\n        i Patologii Wsp\u00f3\u0142\u017cycia w Warszawie, Szpitalu dla Nerwowo i Psychicznie\r\n        Chorych w Starogardzie Gda\u0144skim, Poradni Seksuologicznej INTIMED w Gdyni\r\n        oraz w ramach w\u0142asnej praktyki psychologicznej i seksuologicznej.\r\n      <\/p>\r\n    <\/div>\r\n  <\/div>\r\n<\/section>\r\n\t\t\t\t<\/div>\n\t\t\t\t<div class=\"elementor-element elementor-element-568b82f elementor-widget elementor-widget-html\" data-id=\"568b82f\" data-element_type=\"widget\" data-widget_type=\"html.default\">\n\t\t\t\t\t<section class=\"ms-divider\">\n  <style>\n    .ms-divider {\n      padding: 40px 0;\n    }\n\n    .ms-divider__inner {\n      max-width: 900px;\n      margin: 0 auto;\n      display: flex;\n      align-items: center;\n      justify-content: center;\n      gap: 12px;\n    }\n\n    .ms-divider__line {\n      flex: 1;\n      height: 1px;\n      background: linear-gradient(\n        to right,\n        transparent,\n        #0D4650,\n        transparent\n      );\n      opacity: 0.5;\n    }\n\n    .ms-divider__dot {\n      width: 10px;\n      height: 10px;\n      border-radius: 999px;\n      background: #0D4650;\n      box-shadow: 0 0 0 4px rgba(13, 70, 80, 0.12);\n    }\n  <\/style>\n\n  <div class=\"ms-divider__inner\">\n    <div class=\"ms-divider__line\"><\/div>\n    <div class=\"ms-divider__dot\"><\/div>\n    <div class=\"ms-divider__line\"><\/div>\n  <\/div>\n<\/section>\n\t\t\t\t<\/div>\n\t\t\t\t<div class=\"elementor-element elementor-element-5a6f4eb elementor-widget elementor-widget-html\" data-id=\"5a6f4eb\" data-element_type=\"widget\" data-widget_type=\"html.default\">\n\t\t\t\t\t<section id=\"zakres-uslug\" class=\"ms-basic-info\">\n  <style>\n    .ms-basic-info {\n      background: #FFFFFF;\n      padding: 80px 20px;\n    }\n\n    .ms-basic-info__inner {\n      max-width: 900px;\n      margin: 0 auto;\n    }\n\n    .ms-basic-info__title {\n      text-align: center;\n      font-size: 34px;\n      font-weight: 600;\n      margin: 0 0 8px;\n      color: #111111;\n    }\n\n    .ms-basic-info__subtitle {\n      text-align: center;\n      font-size: 18px;\n      margin: 0 0 40px;\n      color: #444444;\n    }\n\n    .ms-basic-info__grid {\n      display: grid;\n      grid-template-columns: repeat(2, minmax(0, 1fr));\n      gap: 32px 48px;\n    }\n\n    .ms-basic-info__item {\n      padding-left: 14px;\n      border-left: 3px solid #0D4650; \/* akcent *\/\n    }\n\n    .ms-basic-info__label {\n      font-size: 19px;\n      font-weight: 600;\n      margin-bottom: 6px;\n      color: #111111;\n    }\n\n    .ms-basic-info__text {\n      font-size: 15px;\n      line-height: 1.6;\n      color: #333333;\n    }\n\n    @media (max-width: 900px) {\n      .ms-basic-info {\n        padding: 60px 16px;\n      }\n      .ms-basic-info__grid {\n        grid-template-columns: 1fr;\n      }\n    }\n  <\/style>\n\n  <div class=\"ms-basic-info__inner\">\n    <h2 class=\"ms-basic-info__title\">Zobacz, z kim si\u0119 spotkasz<\/h2>\n    <p class=\"ms-basic-info__subtitle\"<\/p>\n\n    <div class=\"ms-basic-info__grid\">\n      <div class=\"ms-basic-info__item\">\n        <div class=\"ms-basic-info__label\">Praca z osobami<\/div>\n        <div class=\"ms-basic-info__text\">\n          osoby doros\u0142e, m\u0142odzie\u017c od 16 roku \u017cycia.\n        <\/div>\n      <\/div>\n\n      <div class=\"ms-basic-info__item\">\n        <div class=\"ms-basic-info__label\">Nurt<\/div>\n        <div class=\"ms-basic-info__text\">\n          Terapia Schemat\u00f3w (ST), Terapia Skoncentrowana na Wsp\u00f3\u0142czuciu (CFT),\n          Terapia Akceptacji i Zaanga\u017cowania (ACT), seksuologia kliniczna,\n          seksuologia s\u0105dowa.\n        <\/div>\n      <\/div>\n\n      <div class=\"ms-basic-info__item\">\n        <div class=\"ms-basic-info__label\">Wykszta\u0142cenie<\/div>\n        <div class=\"ms-basic-info__text\">\n          Psychologia SWPS w Sopocie (studia magisterskie).<br>\n          Psychoseksuologia na Uniwersytecie SWPS w Sopocie (studia licencjackie).\n        <\/div>\n      <\/div>\n\n      <div class=\"ms-basic-info__item\">\n        <div class=\"ms-basic-info__label\">Do\u015bwiadczenie zawodowe<\/div>\n        <div class=\"ms-basic-info__text\">\n          5\u20137 lat.\n        <\/div>\n      <\/div>\n    <\/div>\n  <\/div>\n<\/section>\n\t\t\t\t<\/div>\n\t\t\t\t<div class=\"elementor-element elementor-element-da61e29 elementor-widget elementor-widget-html\" data-id=\"da61e29\" data-element_type=\"widget\" data-widget_type=\"html.default\">\n\t\t\t\t\t<section class=\"ms-divider\">\n  <style>\n    .ms-divider {\n      padding: 40px 0;\n    }\n\n    .ms-divider__inner {\n      max-width: 900px;\n      margin: 0 auto;\n      display: flex;\n      align-items: center;\n      justify-content: center;\n      gap: 12px;\n    }\n\n    .ms-divider__line {\n      flex: 1;\n      height: 1px;\n      background: linear-gradient(\n        to right,\n        transparent,\n        #0D4650,\n        transparent\n      );\n      opacity: 0.5;\n    }\n\n    .ms-divider__dot {\n      width: 10px;\n      height: 10px;\n      border-radius: 999px;\n      background: #0D4650;\n      box-shadow: 0 0 0 4px rgba(13, 70, 80, 0.12);\n    }\n  <\/style>\n\n  <div class=\"ms-divider__inner\">\n    <div class=\"ms-divider__line\"><\/div>\n    <div class=\"ms-divider__dot\"><\/div>\n    <div class=\"ms-divider__line\"><\/div>\n  <\/div>\n<\/section>\n\t\t\t\t<\/div>\n\t\t\t\t\t<\/div>\n\t\t\t\t<\/div>\n\t\t\t\t<\/div>\n\t\t","protected":false},"excerpt":{"rendered":"<p>Maciej Schmidt psycholog \u00b7 seksuolog Skontaktuj si\u0119 Um\u00f3w wizyt\u0119 Kim jestem Jestem psychologiem i seksuologiem, wyk\u0142adowc\u0105 akademickim oraz za\u0142o\u017cycielem Centrum Terapii i Seksuologii \u201eLibere \u2013 W Kierunku Wi\u0119zi\u201d. Uko\u0144czy\u0142em studia psychologiczne oraz psychoseksuologiczne na Uniwersytecie SWPS w Sopocie. Jestem cz\u0142onkiem International Society of Schema Therapy (ISST, nr 87107826). Pracuj\u0119 zgodnie z zasadami Kodeksu Etycznego ISST, [&hellip;]<\/p>\n","protected":false},"author":1,"featured_media":0,"parent":0,"menu_order":0,"comment_status":"closed","ping_status":"closed","template":"","meta":{"footnotes":""},"class_list":["post-2","page","type-page","status-publish","hentry"],"_links":{"self":[{"href":"https:\/\/mmschmidt.pl\/index.php\/wp-json\/wp\/v2\/pages\/2","targetHints":{"allow":["GET"]}}],"collection":[{"href":"https:\/\/mmschmidt.pl\/index.php\/wp-json\/wp\/v2\/pages"}],"about":[{"href":"https:\/\/mmschmidt.pl\/index.php\/wp-json\/wp\/v2\/types\/page"}],"author":[{"embeddable":true,"href":"https:\/\/mmschmidt.pl\/index.php\/wp-json\/wp\/v2\/users\/1"}],"replies":[{"embeddable":true,"href":"https:\/\/mmschmidt.pl\/index.php\/wp-json\/wp\/v2\/comments?post=2"}],"version-history":[{"count":34,"href":"https:\/\/mmschmidt.pl\/index.php\/wp-json\/wp\/v2\/pages\/2\/revisions"}],"predecessor-version":[{"id":67,"href":"https:\/\/mmschmidt.pl\/index.php\/wp-json\/wp\/v2\/pages\/2\/revisions\/67"}],"wp:attachment":[{"href":"https:\/\/mmschmidt.pl\/index.php\/wp-json\/wp\/v2\/media?parent=2"}],"curies":[{"name":"wp","href":"https:\/\/api.w.org\/{rel}","templated":true}]}}